{"id":31,"date":"2013-01-15T13:16:25","date_gmt":"2013-01-15T12:16:25","guid":{"rendered":"http:\/\/petardosnavarro.dutchdevelapp.nl\/?page_id=31"},"modified":"2026-04-15T09:25:58","modified_gmt":"2026-04-15T08:25:58","slug":"quienes-somos","status":"publish","type":"page","link":"https:\/\/www.petardosnavarro.com\/?page_id=31","title":{"rendered":"\u00bfQui\u00e9nes somos?"},"content":{"rendered":"<p>Somos una empresa familiar arraigada desde los a\u00f1os sesenta, transmitiendo de generaci\u00f3n en generaci\u00f3n nuestra valiosa experiencia.<\/p>\n<p>Como empresa independiente, no formamos parte de franquicias ni sociedades, lo que nos permite ofrecer una amplia selecci\u00f3n de marcas pirot\u00e9cnicas y precios competitivos.<\/p>\n<p>Nos enorgullece tener un contacto directo con nuestros clientes, brindando un trato personalizado y especializado. Creemos que la venta y el uso de petardos implican responsabilidad, y queremos transmitir personalmente nuestro conocimiento, asesorando y explicando el funcionamiento de cada producto que adquieras.<\/p>\n<p>Nuestros clientes habituales conf\u00edan en nosotros y nos recomiendan a sus familiares y amigos cada a\u00f1o. Gracias a ellos, nuestra gran familia de clientes y amigos crece continuamente.<\/p>\n<p>Te invitamos a que nos visites y compruebes por ti mismo lo que ofrecemos. \u00a1No te arrepentir\u00e1s!<\/p>\n<p>\u00a1Nos vemos en junio, amigos!<\/p>\n","protected":false},"excerpt":{"rendered":"<p>Somos una empresa familiar arraigada desde los a\u00f1os sesenta, transmitiendo de generaci\u00f3n en generaci\u00f3n nuestra valiosa experiencia. Como empresa independiente, no formamos parte de franquicias ni sociedades, lo que nos permite ofrecer una amplia selecci\u00f3n de marcas pirot\u00e9cnicas y precios&#8230;<\/p>\n","protected":false},"author":3,"featured_media":3054,"parent":0,"menu_order":0,"comment_status":"open","ping_status":"closed","template":"","meta":{"_acf_changed":false,"footnotes":""},"class_list":["post-31","page","type-page","status-publish","has-post-thumbnail","hentry"],"acf":[],"_links":{"self":[{"href":"https:\/\/www.petardosnavarro.com\/index.php?rest_route=\/wp\/v2\/pages\/31","targetHints":{"allow":["GET"]}}],"collection":[{"href":"https:\/\/www.petardosnavarro.com\/index.php?rest_route=\/wp\/v2\/pages"}],"about":[{"href":"https:\/\/www.petardosnavarro.com\/index.php?rest_route=\/wp\/v2\/types\/page"}],"author":[{"embeddable":true,"href":"https:\/\/www.petardosnavarro.com\/index.php?rest_route=\/wp\/v2\/users\/3"}],"replies":[{"embeddable":true,"href":"https:\/\/www.petardosnavarro.com\/index.php?rest_route=%2Fwp%2Fv2%2Fcomments&post=31"}],"version-history":[{"count":31,"href":"https:\/\/www.petardosnavarro.com\/index.php?rest_route=\/wp\/v2\/pages\/31\/revisions"}],"predecessor-version":[{"id":2652,"href":"https:\/\/www.petardosnavarro.com\/index.php?rest_route=\/wp\/v2\/pages\/31\/revisions\/2652"}],"wp:featuredmedia":[{"embeddable":true,"href":"https:\/\/www.petardosnavarro.com\/index.php?rest_route=\/wp\/v2\/media\/3054"}],"wp:attachment":[{"href":"https:\/\/www.petardosnavarro.com\/index.php?rest_route=%2Fwp%2Fv2%2Fmedia&parent=31"}],"curies":[{"name":"wp","href":"https:\/\/api.w.org\/{rel}","templated":true}]}}